{"id":1390,"date":"2024-06-26T17:21:01","date_gmt":"2024-06-26T17:21:01","guid":{"rendered":"https:\/\/sociotaller.havecom.com.mx\/home"},"modified":"2024-06-26T17:50:34","modified_gmt":"2024-06-26T17:50:34","slug":"home","status":"publish","type":"page","link":"https:\/\/sociotaller.havecom.com.mx\/","title":{"rendered":"Socio taller"},"content":{"rendered":"\n<p class=\"has-text-align-center has-medium-font-size\">Al unirse a <strong>HAVECOM<\/strong> como socio taller, abrir\u00e1 las puertas a una serie de beneficios que no solo mejorar\u00e1n su operaci\u00f3n diaria, sino que tambi\u00e9n <strong>incrementar\u00e1n significativamente su base de clientes<\/strong>.<\/p>\n\n\n\n<figure class=\"wp-block-image size-full\"><img fetchpriority=\"high\" decoding=\"async\" width=\"1024\" height=\"512\" src=\"https:\/\/sociotaller.havecom.com.mx\/wp-content\/uploads\/2024\/06\/1715891099096-1024x512-1.png\" alt=\"\" class=\"wp-image-1409\" srcset=\"https:\/\/sociotaller.havecom.com.mx\/wp-content\/uploads\/2024\/06\/1715891099096-1024x512-1.png 1024w, https:\/\/sociotaller.havecom.com.mx\/wp-content\/uploads\/2024\/06\/1715891099096-1024x512-1-300x150.png 300w, https:\/\/sociotaller.havecom.com.mx\/wp-content\/uploads\/2024\/06\/1715891099096-1024x512-1-768x384.png 768w, https:\/\/sociotaller.havecom.com.mx\/wp-content\/uploads\/2024\/06\/1715891099096-1024x512-1-600x300.png 600w\" sizes=\"(max-width: 1024px) 100vw, 1024px\" \/><\/figure>\n\n\n\n<p class=\"has-text-align-center\"><strong>Integrate a una comunidad de talleres<\/strong> que comparten un objetivo com\u00fan: ofrecer el mejor servicio y calidad a sus clientes. Con nuestro respaldo, su taller no solo crecer\u00e1 en t\u00e9rminos de clientes, sino tambi\u00e9n en <strong>eficiencia y prestigio<\/strong>&#8230;<\/p>\n\n\n<blockquote hcb-fetch-image-from=\"https:\/\/havecom.com.mx\/producto\/membresia-red-line-access\/\" class=\"wp-embedded-content\" data-secret=\"4afn8qpvlm\"><p><a href=\"https:\/\/havecom.com.mx\/producto\/membresia-red-line-access\/\">Safe Travel Passport<\/a><\/p><\/blockquote>\n<p><iframe class=\"wp-embedded-content\" sandbox=\"allow-scripts\" security=\"restricted\" style=\"position: absolute; clip: rect(1px, 1px, 1px, 1px);\" title=\"\u00abSafe Travel Passport\u00bb \u2014 Havecom Taller Mec\u00e1nico\" src=\"https:\/\/havecom.com.mx\/producto\/membresia-red-line-access\/embed\/#?secret=FPR2EK3qg2#?secret=4afn8qpvlm\" data-secret=\"4afn8qpvlm\" width=\"600\" height=\"338\" frameborder=\"0\" marginwidth=\"0\" marginheight=\"0\" scrolling=\"no\"><\/iframe><\/p>\n\n\n\n<p class=\"has-text-align-center\">Esta es una <strong>oportunidad<\/strong> inigualable que le permitir\u00e1 aumentar su clientela y disfrutar de m\u00faltiples beneficios dise\u00f1ados <strong>para fortalecer y hacer crecer su negocio<\/strong>.<\/p>\n\n\n\n<figure class=\"wp-block-embed is-type-video is-provider-youtube wp-block-embed-youtube wp-embed-aspect-16-9 wp-has-aspect-ratio\"><div class=\"wp-block-embed__wrapper\">\n<iframe hcb-fetch-image-from=\"https:\/\/youtu.be\/3LY4yyEZcP8?si=jiXDx0HqFOtkBdbm\" title=\"HAVECOM (video institucional)\" width=\"640\" height=\"360\" src=\"https:\/\/www.youtube.com\/embed\/3LY4yyEZcP8?feature=oembed\" frameborder=\"0\" allow=\"accelerometer; autoplay; clipboard-write; encrypted-media; gyroscope; picture-in-picture; web-share\" referrerpolicy=\"strict-origin-when-cross-origin\" allowfullscreen><\/iframe>\n<\/div><\/figure>\n","protected":false},"excerpt":{"rendered":"<p>Al unirse a HAVECOM como socio taller, abrir\u00e1 las puertas a una serie de beneficios que no solo mejorar\u00e1n su operaci\u00f3n diaria, sino que tambi\u00e9n incrementar\u00e1n significativamente su base de [&hellip;]<\/p>\n","protected":false},"author":1,"featured_media":0,"parent":0,"menu_order":0,"comment_status":"closed","ping_status":"closed","template":"","meta":{"_bbp_topic_count":0,"_bbp_reply_count":0,"_bbp_total_topic_count":0,"_bbp_total_reply_count":0,"_bbp_voice_count":0,"_bbp_anonymous_reply_count":0,"_bbp_topic_count_hidden":0,"_bbp_reply_count_hidden":0,"_bbp_forum_subforum_count":0,"_jet_sm_ready_style":"","_jet_sm_style":"","_jet_sm_controls_values":"","_jet_sm_fonts_collection":"","_jet_sm_fonts_links":"","_joinchat":[],"footnotes":""},"class_list":["post-1390","page","type-page","status-publish","hentry"],"yoast_head":"<!-- This site is optimized with the Yoast SEO plugin v27.5 - https:\/\/yoast.com\/product\/yoast-seo-wordpress\/ -->\n<title>Socio taller - sociotaller<\/title>\n<meta name=\"robots\" content=\"index, follow, max-snippet:-1, max-image-preview:large, max-video-preview:-1\" \/>\n<link rel=\"canonical\" href=\"https:\/\/sociotaller.havecom.com.mx\/\" \/>\n<meta property=\"og:locale\" content=\"es_ES\" \/>\n<meta property=\"og:type\" content=\"article\" \/>\n<meta property=\"og:title\" content=\"Socio taller - sociotaller\" \/>\n<meta property=\"og:description\" content=\"Al unirse a HAVECOM como socio taller, abrir\u00e1 las puertas a una serie de beneficios que no solo mejorar\u00e1n su operaci\u00f3n diaria, sino que tambi\u00e9n incrementar\u00e1n significativamente su base de [&hellip;]\" \/>\n<meta property=\"og:url\" content=\"https:\/\/sociotaller.havecom.com.mx\/\" \/>\n<meta property=\"og:site_name\" content=\"sociotaller\" \/>\n<meta property=\"article:modified_time\" content=\"2024-06-26T17:50:34+00:00\" \/>\n<meta property=\"og:image\" content=\"https:\/\/sociotaller.havecom.com.mx\/wp-content\/uploads\/2024\/06\/1715891099096-1024x512-1.png\" \/>\n<meta name=\"twitter:card\" content=\"summary_large_image\" \/>\n<meta name=\"twitter:label1\" content=\"Tiempo de lectura\" \/>\n\t<meta name=\"twitter:data1\" content=\"1 minuto\" \/>\n<script type=\"application\/ld+json\" class=\"yoast-schema-graph\">{\"@context\":\"https:\\\/\\\/schema.org\",\"@graph\":[{\"@type\":\"WebPage\",\"@id\":\"https:\\\/\\\/sociotaller.havecom.com.mx\\\/\",\"url\":\"https:\\\/\\\/sociotaller.havecom.com.mx\\\/\",\"name\":\"Socio taller - sociotaller\",\"isPartOf\":{\"@id\":\"https:\\\/\\\/sociotaller.havecom.com.mx\\\/#website\"},\"primaryImageOfPage\":{\"@id\":\"https:\\\/\\\/sociotaller.havecom.com.mx\\\/#primaryimage\"},\"image\":{\"@id\":\"https:\\\/\\\/sociotaller.havecom.com.mx\\\/#primaryimage\"},\"thumbnailUrl\":\"https:\\\/\\\/sociotaller.havecom.com.mx\\\/wp-content\\\/uploads\\\/2024\\\/06\\\/1715891099096-1024x512-1.png\",\"datePublished\":\"2024-06-26T17:21:01+00:00\",\"dateModified\":\"2024-06-26T17:50:34+00:00\",\"breadcrumb\":{\"@id\":\"https:\\\/\\\/sociotaller.havecom.com.mx\\\/#breadcrumb\"},\"inLanguage\":\"es\",\"potentialAction\":[{\"@type\":\"ReadAction\",\"target\":[\"https:\\\/\\\/sociotaller.havecom.com.mx\\\/\"]}]},{\"@type\":\"ImageObject\",\"inLanguage\":\"es\",\"@id\":\"https:\\\/\\\/sociotaller.havecom.com.mx\\\/#primaryimage\",\"url\":\"https:\\\/\\\/sociotaller.havecom.com.mx\\\/wp-content\\\/uploads\\\/2024\\\/06\\\/1715891099096-1024x512-1.png\",\"contentUrl\":\"https:\\\/\\\/sociotaller.havecom.com.mx\\\/wp-content\\\/uploads\\\/2024\\\/06\\\/1715891099096-1024x512-1.png\",\"width\":1024,\"height\":512},{\"@type\":\"BreadcrumbList\",\"@id\":\"https:\\\/\\\/sociotaller.havecom.com.mx\\\/#breadcrumb\",\"itemListElement\":[{\"@type\":\"ListItem\",\"position\":1,\"name\":\"Portada\",\"item\":\"https:\\\/\\\/sociotaller.havecom.com.mx\\\/\"},{\"@type\":\"ListItem\",\"position\":2,\"name\":\"Socio taller\"}]},{\"@type\":\"WebSite\",\"@id\":\"https:\\\/\\\/sociotaller.havecom.com.mx\\\/#website\",\"url\":\"https:\\\/\\\/sociotaller.havecom.com.mx\\\/\",\"name\":\"sociotaller\",\"description\":\"\",\"publisher\":{\"@id\":\"https:\\\/\\\/sociotaller.havecom.com.mx\\\/#organization\"},\"potentialAction\":[{\"@type\":\"SearchAction\",\"target\":{\"@type\":\"EntryPoint\",\"urlTemplate\":\"https:\\\/\\\/sociotaller.havecom.com.mx\\\/?s={search_term_string}\"},\"query-input\":{\"@type\":\"PropertyValueSpecification\",\"valueRequired\":true,\"valueName\":\"search_term_string\"}}],\"inLanguage\":\"es\"},{\"@type\":\"Organization\",\"@id\":\"https:\\\/\\\/sociotaller.havecom.com.mx\\\/#organization\",\"name\":\"sociotaller\",\"url\":\"https:\\\/\\\/sociotaller.havecom.com.mx\\\/\",\"logo\":{\"@type\":\"ImageObject\",\"inLanguage\":\"es\",\"@id\":\"https:\\\/\\\/sociotaller.havecom.com.mx\\\/#\\\/schema\\\/logo\\\/image\\\/\",\"url\":\"https:\\\/\\\/sociotaller.havecom.com.mx\\\/wp-content\\\/uploads\\\/2024\\\/03\\\/cropped-InShot_20240321_130307448.png\",\"contentUrl\":\"https:\\\/\\\/sociotaller.havecom.com.mx\\\/wp-content\\\/uploads\\\/2024\\\/03\\\/cropped-InShot_20240321_130307448.png\",\"width\":815,\"height\":232,\"caption\":\"sociotaller\"},\"image\":{\"@id\":\"https:\\\/\\\/sociotaller.havecom.com.mx\\\/#\\\/schema\\\/logo\\\/image\\\/\"}}]}<\/script>\n<!-- \/ Yoast SEO plugin. -->","yoast_head_json":{"title":"Socio taller - sociotaller","robots":{"index":"index","follow":"follow","max-snippet":"max-snippet:-1","max-image-preview":"max-image-preview:large","max-video-preview":"max-video-preview:-1"},"canonical":"https:\/\/sociotaller.havecom.com.mx\/","og_locale":"es_ES","og_type":"article","og_title":"Socio taller - sociotaller","og_description":"Al unirse a HAVECOM como socio taller, abrir\u00e1 las puertas a una serie de beneficios que no solo mejorar\u00e1n su operaci\u00f3n diaria, sino que tambi\u00e9n incrementar\u00e1n significativamente su base de [&hellip;]","og_url":"https:\/\/sociotaller.havecom.com.mx\/","og_site_name":"sociotaller","article_modified_time":"2024-06-26T17:50:34+00:00","og_image":[{"url":"https:\/\/sociotaller.havecom.com.mx\/wp-content\/uploads\/2024\/06\/1715891099096-1024x512-1.png","type":"","width":"","height":""}],"twitter_card":"summary_large_image","twitter_misc":{"Tiempo de lectura":"1 minuto"},"schema":{"@context":"https:\/\/schema.org","@graph":[{"@type":"WebPage","@id":"https:\/\/sociotaller.havecom.com.mx\/","url":"https:\/\/sociotaller.havecom.com.mx\/","name":"Socio taller - sociotaller","isPartOf":{"@id":"https:\/\/sociotaller.havecom.com.mx\/#website"},"primaryImageOfPage":{"@id":"https:\/\/sociotaller.havecom.com.mx\/#primaryimage"},"image":{"@id":"https:\/\/sociotaller.havecom.com.mx\/#primaryimage"},"thumbnailUrl":"https:\/\/sociotaller.havecom.com.mx\/wp-content\/uploads\/2024\/06\/1715891099096-1024x512-1.png","datePublished":"2024-06-26T17:21:01+00:00","dateModified":"2024-06-26T17:50:34+00:00","breadcrumb":{"@id":"https:\/\/sociotaller.havecom.com.mx\/#breadcrumb"},"inLanguage":"es","potentialAction":[{"@type":"ReadAction","target":["https:\/\/sociotaller.havecom.com.mx\/"]}]},{"@type":"ImageObject","inLanguage":"es","@id":"https:\/\/sociotaller.havecom.com.mx\/#primaryimage","url":"https:\/\/sociotaller.havecom.com.mx\/wp-content\/uploads\/2024\/06\/1715891099096-1024x512-1.png","contentUrl":"https:\/\/sociotaller.havecom.com.mx\/wp-content\/uploads\/2024\/06\/1715891099096-1024x512-1.png","width":1024,"height":512},{"@type":"BreadcrumbList","@id":"https:\/\/sociotaller.havecom.com.mx\/#breadcrumb","itemListElement":[{"@type":"ListItem","position":1,"name":"Portada","item":"https:\/\/sociotaller.havecom.com.mx\/"},{"@type":"ListItem","position":2,"name":"Socio taller"}]},{"@type":"WebSite","@id":"https:\/\/sociotaller.havecom.com.mx\/#website","url":"https:\/\/sociotaller.havecom.com.mx\/","name":"sociotaller","description":"","publisher":{"@id":"https:\/\/sociotaller.havecom.com.mx\/#organization"},"potentialAction":[{"@type":"SearchAction","target":{"@type":"EntryPoint","urlTemplate":"https:\/\/sociotaller.havecom.com.mx\/?s={search_term_string}"},"query-input":{"@type":"PropertyValueSpecification","valueRequired":true,"valueName":"search_term_string"}}],"inLanguage":"es"},{"@type":"Organization","@id":"https:\/\/sociotaller.havecom.com.mx\/#organization","name":"sociotaller","url":"https:\/\/sociotaller.havecom.com.mx\/","logo":{"@type":"ImageObject","inLanguage":"es","@id":"https:\/\/sociotaller.havecom.com.mx\/#\/schema\/logo\/image\/","url":"https:\/\/sociotaller.havecom.com.mx\/wp-content\/uploads\/2024\/03\/cropped-InShot_20240321_130307448.png","contentUrl":"https:\/\/sociotaller.havecom.com.mx\/wp-content\/uploads\/2024\/03\/cropped-InShot_20240321_130307448.png","width":815,"height":232,"caption":"sociotaller"},"image":{"@id":"https:\/\/sociotaller.havecom.com.mx\/#\/schema\/logo\/image\/"}}]}},"_links":{"self":[{"href":"https:\/\/sociotaller.havecom.com.mx\/index.php?rest_route=\/wp\/v2\/pages\/1390","targetHints":{"allow":["GET"]}}],"collection":[{"href":"https:\/\/sociotaller.havecom.com.mx\/index.php?rest_route=\/wp\/v2\/pages"}],"about":[{"href":"https:\/\/sociotaller.havecom.com.mx\/index.php?rest_route=\/wp\/v2\/types\/page"}],"author":[{"embeddable":true,"href":"https:\/\/sociotaller.havecom.com.mx\/index.php?rest_route=\/wp\/v2\/users\/1"}],"replies":[{"embeddable":true,"href":"https:\/\/sociotaller.havecom.com.mx\/index.php?rest_route=%2Fwp%2Fv2%2Fcomments&post=1390"}],"version-history":[{"count":4,"href":"https:\/\/sociotaller.havecom.com.mx\/index.php?rest_route=\/wp\/v2\/pages\/1390\/revisions"}],"predecessor-version":[{"id":1412,"href":"https:\/\/sociotaller.havecom.com.mx\/index.php?rest_route=\/wp\/v2\/pages\/1390\/revisions\/1412"}],"wp:attachment":[{"href":"https:\/\/sociotaller.havecom.com.mx\/index.php?rest_route=%2Fwp%2Fv2%2Fmedia&parent=1390"}],"curies":[{"name":"wp","href":"https:\/\/api.w.org\/{rel}","templated":true}]}}